{"id":777,"date":"2014-06-21T10:43:18","date_gmt":"2014-06-21T08:43:18","guid":{"rendered":"http:\/\/www.teamkl.de\/?page_id=777"},"modified":"2014-08-05T17:53:57","modified_gmt":"2014-08-05T15:53:57","slug":"team","status":"publish","type":"page","link":"https:\/\/www.teamkl.de\/?page_id=777","title":{"rendered":"Team"},"content":{"rendered":"<table border=\"0\" width=\"800\" cellspacing=\"0\" cellpadding=\"0\">\n<tbody>\n<tr valign=\"TOP\">\n<td width=\"0\"><\/td>\n<td width=\"800\">\n<h2 style=\"margin-bottom: 0cm; line-height: 150%;\"><span style=\"font-family: Arial,serif;\">Team<\/span><\/h2>\n<p style=\"margin-bottom: 0cm; line-height: 150%;\">Unser Team besteht zurzeit aus zwei beratenden Ingenieuren (Inhaber) sowie dem seit \u00fcber 15 Jahren fest angestellten staatlich gepr\u00fcften Techniker Thomas H\u00f6nigs.<\/p>\n<p style=\"margin-bottom: 0cm; line-height: 150%;\">Mit unserem Team haben wir bereits sehr gro\u00dfe und komplexe Projekte realisiert. Unsere flache Hierarchie und enger interner Informationsaustausch sowie unsere leistungsf\u00e4hige Programmunterst\u00fctzung (CAD-Programm Nemetschek-Allplan auf leistungsf\u00e4higen Workstations) f\u00f6rdern unsere effiziente und sorgf\u00e4ltige Planung.<\/p>\n<p style=\"margin-bottom: 0cm; line-height: 150%;\">Bei Bedarf wird unser Team durch zuverl\u00e4ssige und leistungsf\u00e4hige externe Kr\u00e4fte (Ingenieure und Bauzeichner) unseres Netzwerks erg\u00e4nzt.<\/p>\n<\/td>\n<\/tr>\n<\/tbody>\n<\/table>\n<p style=\"margin-bottom: 0cm; line-height: 115%; widows: 2; orphans: 2;\"><span style=\"color: #000000;\"><span style=\"font-size: small;\"><span style=\"font-family: Arial,serif;\"><a href=\"http:\/\/www.teamkl.de\/wp-content\/uploads\/2014\/06\/team.jpg\"><img decoding=\"async\" loading=\"lazy\" class=\"alignleft wp-image-959 size-full\" src=\"http:\/\/www.teamkl.de\/wp-content\/uploads\/2014\/06\/team.jpg\" alt=\"team\" width=\"800\" height=\"531\" srcset=\"https:\/\/www.teamkl.de\/wp-content\/uploads\/2014\/06\/team.jpg 800w, https:\/\/www.teamkl.de\/wp-content\/uploads\/2014\/06\/team-300x199.jpg 300w\" sizes=\"(max-width: 800px) 100vw, 800px\" \/><\/a> <\/span><\/span><\/span><\/p>\n","protected":false},"excerpt":{"rendered":"<p>Team Unser Team besteht zurzeit aus zwei beratenden Ingenieuren (Inhaber) sowie dem seit \u00fcber 15 Jahren fest angestellten staatlich gepr\u00fcften Techniker Thomas H\u00f6nigs. Mit unserem Team haben wir bereits sehr gro\u00dfe und komplexe Projekte realisiert. Unsere flache Hierarchie und enger interner Informationsaustausch sowie unsere leistungsf\u00e4hige Programmunterst\u00fctzung (CAD-Programm Nemetschek-Allplan auf leistungsf\u00e4higen Workstations) f\u00f6rdern unsere effiziente und [&hellip;]<\/p>\n","protected":false},"author":1,"featured_media":0,"parent":771,"menu_order":20200,"comment_status":"closed","ping_status":"closed","template":"","meta":[],"_links":{"self":[{"href":"https:\/\/www.teamkl.de\/index.php?rest_route=\/wp\/v2\/pages\/777"}],"collection":[{"href":"https:\/\/www.teamkl.de\/index.php?rest_route=\/wp\/v2\/pages"}],"about":[{"href":"https:\/\/www.teamkl.de\/index.php?rest_route=\/wp\/v2\/types\/page"}],"author":[{"embeddable":true,"href":"https:\/\/www.teamkl.de\/index.php?rest_route=\/wp\/v2\/users\/1"}],"replies":[{"embeddable":true,"href":"https:\/\/www.teamkl.de\/index.php?rest_route=%2Fwp%2Fv2%2Fcomments&post=777"}],"version-history":[{"count":12,"href":"https:\/\/www.teamkl.de\/index.php?rest_route=\/wp\/v2\/pages\/777\/revisions"}],"predecessor-version":[{"id":1027,"href":"https:\/\/www.teamkl.de\/index.php?rest_route=\/wp\/v2\/pages\/777\/revisions\/1027"}],"up":[{"embeddable":true,"href":"https:\/\/www.teamkl.de\/index.php?rest_route=\/wp\/v2\/pages\/771"}],"wp:attachment":[{"href":"https:\/\/www.teamkl.de\/index.php?rest_route=%2Fwp%2Fv2%2Fmedia&parent=777"}],"curies":[{"name":"wp","href":"https:\/\/api.w.org\/{rel}","templated":true}]}}