{"id":773,"date":"2014-06-21T10:42:09","date_gmt":"2014-06-21T08:42:09","guid":{"rendered":"http:\/\/www.teamkl.de\/?page_id=773"},"modified":"2014-07-10T13:25:28","modified_gmt":"2014-07-10T11:25:28","slug":"leitsaetze","status":"publish","type":"page","link":"https:\/\/www.teamkl.de\/?page_id=773","title":{"rendered":"Leits\u00e4tze"},"content":{"rendered":"<p>&nbsp;<\/p>\n<table border=\"0\" width=\"850\" cellspacing=\"0\" cellpadding=\"0\">\n<colgroup>\n<col width=\"250\" \/>\n<col width=\"600\" \/> <\/colgroup>\n<tbody>\n<tr valign=\"TOP\">\n<td width=\"250\">\n<h2>\u00a0LEITS\u00c4TZE<\/h2>\n<\/td>\n<td width=\"600\"><span style=\"color: #000000;\"><span style=\"font-size: small;\"><span style=\"font-family: Arial,serif;\">Wir planen seit der Gr\u00fcndung des Ingenieurteams Kinzer + Lindenberg im Jahr 1992 Bauvorhaben aller Gr\u00f6\u00dfenordnungen und in fast allen Disziplinen des konstruktiven Ingenieurbaus. Unsere Ingenieurt\u00e4tigkeit zeichnet sich aus durch:<\/span><\/span><\/span><\/p>\n<p>&nbsp;<\/td>\n<\/tr>\n<tr valign=\"TOP\">\n<td width=\"250\">\u00a0<span style=\"color: #000000;\"><span style=\"font-size: small;\"><span style=\"font-family: Arial,serif;\"><b>KOMPETENZ<\/b><\/span><\/span><\/span><\/td>\n<td width=\"600\"><span style=\"color: #000000;\"><span style=\"color: #000000;\"><span style=\"font-size: small;\"><span style=\"font-family: Arial,serif;\">Eine fundierte Ausbildung sowie eine stetige Weiterbildung \u2013 bilden die Grundlagen unseres Know-hows. Unterst\u00fctzt durch leistungsf\u00e4hige EDV, mit marktf\u00fchrenden Statik- und CAD-Programmen, bieten wir Ihnen die notwendige Kompetenz f\u00fcr Ihre Planungsaufgaben.<\/span><\/span><\/span><\/span><\/td>\n<\/tr>\n<tr valign=\"TOP\">\n<td width=\"250\">\u00a0<span style=\"color: #000000;\"><span style=\"font-size: small;\"><span style=\"font-family: Arial,serif;\"><b>ERFAHRUNG<\/b><\/span><\/span><\/span><\/td>\n<td width=\"600\"><span style=\"color: #000000;\"><span style=\"color: #000000;\"><span style=\"font-size: small;\"><span style=\"font-family: Arial,serif;\">Wir verf\u00fcgen \u00fcber eine mehr als 25-j\u00e4hrige Berufserfahrung; unser Erfahrungsschatz umfasst Projekte aller Gr\u00f6\u00dfenordnungen und erstreckt sich vom Carport bis zu Bauvorhaben mit 80 Mio. \u20ac Gesamtbausumme mit den unterschiedlichsten, individuellen Anforderungen.<\/span><\/span><\/span><\/span><\/td>\n<\/tr>\n<tr valign=\"TOP\">\n<td width=\"250\">\u00a0<span style=\"color: #000000;\"><span style=\"font-size: small;\"><span style=\"font-family: Arial,serif;\"><b>PR\u00c4ZISION IN DER PLANUNG<\/b><\/span><\/span><\/span><\/td>\n<td width=\"600\"><span style=\"color: #000000;\"><span style=\"color: #000000;\"><span style=\"font-size: small;\"><span style=\"font-family: Arial,serif;\">Unsere Sorgfalt und unser Streben nach Wirtschaftlichkeit in der Entwurfs- und Genehmigungsplanung sowie unsere nicht allt\u00e4gliche Pr\u00e4zision in der Ausf\u00fchrungsplanung \u2013 zunehmend in 3D-Darstellung &#8211; f\u00fchren zu effizienten und praktikablen Baustellenl\u00f6sungen, zur Vermeidung von Fehlinterpretationen der Planung und von kostenintensiven Nachtr\u00e4gen und liefern \u00fcberdurchschnittliche Planungsqualit\u00e4t und Hilfestellungen f\u00fcr die Baustelle.<\/span><\/span><\/span><\/span><\/td>\n<\/tr>\n<tr valign=\"TOP\">\n<td width=\"250\"><span style=\"color: #000000;\"><span style=\"font-size: small;\"><span style=\"font-family: Arial,serif;\"><span style=\"color: #000000;\"><span style=\"font-size: small;\"><span style=\"color: #000000;\"><span style=\"font-family: Arial,serif;\"><span style=\"color: #000000;\"><span style=\"font-size: small;\"><span style=\"font-family: Arial,serif;\"><b>EINSATZBEREITSCHAFT<\/b><\/span><\/span><\/span><\/span><\/span><\/span><\/span><\/span><\/span><\/span><\/td>\n<td width=\"600\"><span style=\"color: #000000;\"><span style=\"color: #000000;\"><span style=\"font-size: small;\"><span style=\"font-family: Arial,serif;\">Als Team mit flachen Hierarchien, perfekter Organisation \u2013 ohne Informationsverlust, stecken wir unsere gesamte Energie in die Planung. Die Identifikation mit unseren Projekten ist Motivation f\u00fcr unseren unerm\u00fcdlichen Einsatz.<\/span><\/span><\/span><\/span><\/td>\n<\/tr>\n<tr valign=\"TOP\">\n<td width=\"250\"><span style=\"color: #000000;\"><span style=\"font-size: small;\"><span style=\"color: #000000;\"><span style=\"font-family: Arial,serif;\"><span style=\"color: #000000;\"><span style=\"font-size: small;\"><span style=\"font-family: Arial,serif;\"><b>INTERDISZIPLIN\u00c4RES ARBEITEN<br \/>\n<\/b><\/span><\/span><\/span><\/span><\/span><\/span><\/span><\/td>\n<td width=\"600\"><span style=\"color: #000000;\"><span style=\"color: #000000;\"><span style=\"font-size: small;\"><span style=\"font-family: Arial,serif;\">Die Bereitschaft, sich im Planungsteam einzubringen und die Anforderungen anderer Disziplinen aufzunehmen und in eine gesamtheitliche Tragwerksplanung zu \u00fcberf\u00fchren, sind mehr als der \u00fcbliche Standard.<\/span><\/span><\/span><\/span><\/td>\n<\/tr>\n<tr valign=\"TOP\">\n<td width=\"250\"><\/td>\n<td width=\"600\"><\/td>\n<\/tr>\n<tr valign=\"TOP\">\n<td width=\"250\"><\/td>\n<td width=\"600\"><span style=\"color: #000000;\"><span style=\"font-size: small;\"><span style=\"color: #000000;\"><span style=\"font-family: Arial,serif;\">Diese wichtigen Attribute unserer Arbeit werden seit Jahren von zahlreichen Planungspartnern und Auftraggebern gesch\u00e4tzt und unsere Zuverl\u00e4ssigkeit gew\u00fcnscht. <\/span><\/span><\/span><\/span><\/td>\n<\/tr>\n<tr valign=\"TOP\">\n<td width=\"250\"><\/td>\n<td width=\"600\"><\/td>\n<\/tr>\n<tr valign=\"TOP\">\n<td width=\"250\"><\/td>\n<td width=\"600\"><\/td>\n<\/tr>\n<\/tbody>\n<\/table>\n<p>&nbsp;<\/p>\n","protected":false},"excerpt":{"rendered":"<p>&nbsp; \u00a0LEITS\u00c4TZE Wir planen seit der Gr\u00fcndung des Ingenieurteams Kinzer + Lindenberg im Jahr 1992 Bauvorhaben aller Gr\u00f6\u00dfenordnungen und in fast allen Disziplinen des konstruktiven Ingenieurbaus. Unsere Ingenieurt\u00e4tigkeit zeichnet sich aus durch: &nbsp; \u00a0KOMPETENZ Eine fundierte Ausbildung sowie eine stetige Weiterbildung \u2013 bilden die Grundlagen unseres Know-hows. Unterst\u00fctzt durch leistungsf\u00e4hige EDV, mit marktf\u00fchrenden Statik- und [&hellip;]<\/p>\n","protected":false},"author":1,"featured_media":0,"parent":771,"menu_order":20100,"comment_status":"closed","ping_status":"closed","template":"","meta":[],"_links":{"self":[{"href":"https:\/\/www.teamkl.de\/index.php?rest_route=\/wp\/v2\/pages\/773"}],"collection":[{"href":"https:\/\/www.teamkl.de\/index.php?rest_route=\/wp\/v2\/pages"}],"about":[{"href":"https:\/\/www.teamkl.de\/index.php?rest_route=\/wp\/v2\/types\/page"}],"author":[{"embeddable":true,"href":"https:\/\/www.teamkl.de\/index.php?rest_route=\/wp\/v2\/users\/1"}],"replies":[{"embeddable":true,"href":"https:\/\/www.teamkl.de\/index.php?rest_route=%2Fwp%2Fv2%2Fcomments&post=773"}],"version-history":[{"count":22,"href":"https:\/\/www.teamkl.de\/index.php?rest_route=\/wp\/v2\/pages\/773\/revisions"}],"predecessor-version":[{"id":1016,"href":"https:\/\/www.teamkl.de\/index.php?rest_route=\/wp\/v2\/pages\/773\/revisions\/1016"}],"up":[{"embeddable":true,"href":"https:\/\/www.teamkl.de\/index.php?rest_route=\/wp\/v2\/pages\/771"}],"wp:attachment":[{"href":"https:\/\/www.teamkl.de\/index.php?rest_route=%2Fwp%2Fv2%2Fmedia&parent=773"}],"curies":[{"name":"wp","href":"https:\/\/api.w.org\/{rel}","templated":true}]}}