{"id":50,"date":"2014-03-22T16:55:30","date_gmt":"2014-03-22T14:55:30","guid":{"rendered":"http:\/\/www.teamkl.de\/?page_id=50"},"modified":"2014-09-19T11:47:40","modified_gmt":"2014-09-19T09:47:40","slug":"industrie","status":"publish","type":"page","link":"https:\/\/www.teamkl.de\/?page_id=50","title":{"rendered":"Industrie"},"content":{"rendered":"<p>&nbsp;<\/p>\n<h2><span style=\"text-decoration: underline;\">Referenzobjekte aus dem Bereich &#8222;Industrie&#8220;<br \/>\n<\/span><\/h2>\n<p>&nbsp;<\/p>\n<table border=\"0\" width=\"100%\" cellspacing=\"0\" cellpadding=\"0\">\n<tbody>\n<tr valign=\"TOP\">\n<td width=\"50%\"> <a href=\"http:\/\/www.teamkl.de\/wp-content\/uploads\/2014\/04\/1699-01.jpg\"><img decoding=\"async\" loading=\"lazy\" class=\"aligncenter size-thumbnail wp-image-650\" src=\"http:\/\/www.teamkl.de\/wp-content\/uploads\/2014\/04\/1699-01-150x150.jpg\" alt=\"1699-01\" width=\"150\" height=\"150\" \/><\/a><\/td>\n<td width=\"50%\">\n<h2 style=\"margin-top: 0.42cm;\"><span style=\"color: #000000;\"><a href=\"http:\/\/www.teamkl.de\/?page_id=377\" target=\"_blank\"><span style=\"font-family: Arial,serif; color: #000000;\"><span style=\"font-size: large;\"><b>ZENTRALLAGER SBK, K\u00d6LN<\/b><\/span><\/span><\/a><\/span><\/h2>\n<p><span style=\"font-family: Arial,serif;\"><span style=\"font-size: large;\">Neubau eines Zentral- und Aktenlagers<\/span><\/span><\/td>\n<\/tr>\n<tr valign=\"TOP\">\n<td width=\"50%\"> <a href=\"http:\/\/www.teamkl.de\/wp-content\/uploads\/2014\/04\/1639-01.jpg\"><img decoding=\"async\" loading=\"lazy\" class=\"aligncenter size-thumbnail wp-image-647\" src=\"http:\/\/www.teamkl.de\/wp-content\/uploads\/2014\/04\/1639-01-150x150.jpg\" alt=\"1639-01\" width=\"150\" height=\"150\" \/><\/a><\/td>\n<td width=\"50%\">\n<h2 style=\"margin-top: 0.42cm;\"><span style=\"color: #000000;\"><a href=\"http:\/\/www.teamkl.de\/?page_id=379\" target=\"_blank\"><span style=\"font-family: Arial,serif; color: #000000;\"><span style=\"font-size: large;\"><b>MASCHINENFUNDAMENT TROISDORF<\/b><\/span><\/span><\/a><\/span><\/h2>\n<p><span style=\"font-family: Arial,serif;\"><span style=\"font-size: large;\">Neubau eines Maschinenfundament f\u00fcr eine Karussell-Drehmaschine in vorhandener Werkhalle <\/span><\/span><\/td>\n<\/tr>\n<tr valign=\"TOP\">\n<td width=\"50%\"> <a href=\"http:\/\/www.teamkl.de\/wp-content\/uploads\/2014\/04\/1585-03.jpg\"><img decoding=\"async\" loading=\"lazy\" class=\"aligncenter size-thumbnail wp-image-643\" src=\"http:\/\/www.teamkl.de\/wp-content\/uploads\/2014\/04\/1585-03-150x150.jpg\" alt=\"1585-03\" width=\"150\" height=\"150\" \/><\/a><\/td>\n<td width=\"50%\">\n<h2 style=\"margin-top: 0.42cm;\"><span style=\"color: #000000;\"><a href=\"http:\/\/www.teamkl.de\/?page_id=375\" target=\"_blank\"><span style=\"font-family: Arial,serif; color: #000000;\"><span style=\"font-size: large;\"><b>KEIPP KG \u2013 HALLE LUDWIGSHAFEN<\/b><\/span><\/span><\/a><\/span><\/h2>\n<p><span style=\"font-family: Arial,serif;\"><span style=\"font-size: large;\">Neubau einer B\u00fcro- und Werkstattgeb\u00e4ude<\/span><\/span><\/td>\n<\/tr>\n<tr valign=\"TOP\">\n<td width=\"50%\"> <a href=\"http:\/\/www.teamkl.de\/wp-content\/uploads\/2014\/04\/1574-03.jpg\"><img decoding=\"async\" loading=\"lazy\" class=\"aligncenter size-thumbnail wp-image-642\" src=\"http:\/\/www.teamkl.de\/wp-content\/uploads\/2014\/04\/1574-03-150x150.jpg\" alt=\"1574-03\" width=\"150\" height=\"150\" \/><\/a><\/td>\n<td width=\"50%\">\n<h2 style=\"margin-top: 0.42cm;\"><span style=\"color: #000000;\"><a href=\"http:\/\/www.teamkl.de\/?page_id=366\" target=\"_blank\"><span style=\"font-family: Arial,serif; color: #000000;\"><span style=\"font-size: large;\"><b>WANKELSTRASSE 14 + 16, K\u00d6LN<\/b><\/span><\/span><\/a><\/span><\/h2>\n<p><span style=\"font-family: Arial,serif;\"><span style=\"font-size: large;\">Neubau einer Produktions- und Lagerhalle <\/span><\/span><\/td>\n<\/tr>\n<tr valign=\"TOP\">\n<td width=\"50%\">  <a href=\"http:\/\/www.teamkl.de\/wp-content\/uploads\/2014\/03\/1120-03.jpg\"><img decoding=\"async\" loading=\"lazy\" class=\"aligncenter size-thumbnail wp-image-659\" src=\"http:\/\/www.teamkl.de\/wp-content\/uploads\/2014\/03\/1120-03-150x148.jpg\" alt=\"1120-03\" width=\"150\" height=\"148\" \/><\/a><\/td>\n<td width=\"50%\">\n<h2 style=\"margin-top: 0.42cm;\"><span style=\"color: #000000;\"><a href=\"http:\/\/www.teamkl.de\/?page_id=349\" target=\"_blank\"><span style=\"font-family: Arial,serif; color: #000000;\"><span style=\"font-size: large;\"><b>CRIMMITSCHAU<\/b><\/span><\/span><\/a><\/span><\/h2>\n<p><span style=\"font-family: Arial,serif;\"><span style=\"font-size: large;\">Neubau einer Produktionshalle f\u00fcr einen Automobilzulieferer<\/span><\/span><\/td>\n<\/tr>\n<tr valign=\"TOP\">\n<td width=\"50%\"><\/td>\n<td width=\"50%\">\n<h2 style=\"margin-top: 0.42cm;\"><span style=\"color: #000000;\"><a href=\"http:\/\/www.teamkl.de\/?page_id=402\" target=\"_blank\"><span style=\"font-family: Arial,serif; color: #000000;\"><span style=\"font-size: large;\"><b>Weitere Projekte aus dem Industriebereich<\/b><\/span><\/span><\/a><\/span><\/h2>\n<\/td>\n<\/tr>\n<tr valign=\"TOP\">\n<td width=\"50%\"><\/td>\n<td width=\"50%\"><\/td>\n<\/tr>\n<tr valign=\"TOP\">\n<td width=\"50%\"><\/td>\n<td width=\"50%\"><\/td>\n<\/tr>\n<tr valign=\"TOP\">\n<td width=\"50%\"><\/td>\n<td width=\"50%\"><\/td>\n<\/tr>\n<tr valign=\"TOP\">\n<td width=\"50%\"><\/td>\n<td width=\"50%\"><\/td>\n<\/tr>\n<\/tbody>\n<\/table>\n<p>&nbsp;<\/p>\n","protected":false},"excerpt":{"rendered":"<p>&nbsp; Referenzobjekte aus dem Bereich &#8222;Industrie&#8220; &nbsp; ZENTRALLAGER SBK, K\u00d6LN Neubau eines Zentral- und Aktenlagers MASCHINENFUNDAMENT TROISDORF Neubau eines Maschinenfundament f\u00fcr eine Karussell-Drehmaschine in vorhandener Werkhalle KEIPP KG \u2013 HALLE LUDWIGSHAFEN Neubau einer B\u00fcro- und Werkstattgeb\u00e4ude WANKELSTRASSE 14 + 16, K\u00d6LN Neubau einer Produktions- und Lagerhalle CRIMMITSCHAU Neubau einer Produktionshalle f\u00fcr einen Automobilzulieferer Weitere Projekte [&hellip;]<\/p>\n","protected":false},"author":1,"featured_media":0,"parent":33,"menu_order":410000,"comment_status":"closed","ping_status":"closed","template":"","meta":[],"_links":{"self":[{"href":"https:\/\/www.teamkl.de\/index.php?rest_route=\/wp\/v2\/pages\/50"}],"collection":[{"href":"https:\/\/www.teamkl.de\/index.php?rest_route=\/wp\/v2\/pages"}],"about":[{"href":"https:\/\/www.teamkl.de\/index.php?rest_route=\/wp\/v2\/types\/page"}],"author":[{"embeddable":true,"href":"https:\/\/www.teamkl.de\/index.php?rest_route=\/wp\/v2\/users\/1"}],"replies":[{"embeddable":true,"href":"https:\/\/www.teamkl.de\/index.php?rest_route=%2Fwp%2Fv2%2Fcomments&post=50"}],"version-history":[{"count":28,"href":"https:\/\/www.teamkl.de\/index.php?rest_route=\/wp\/v2\/pages\/50\/revisions"}],"predecessor-version":[{"id":1126,"href":"https:\/\/www.teamkl.de\/index.php?rest_route=\/wp\/v2\/pages\/50\/revisions\/1126"}],"up":[{"embeddable":true,"href":"https:\/\/www.teamkl.de\/index.php?rest_route=\/wp\/v2\/pages\/33"}],"wp:attachment":[{"href":"https:\/\/www.teamkl.de\/index.php?rest_route=%2Fwp%2Fv2%2Fmedia&parent=50"}],"curies":[{"name":"wp","href":"https:\/\/api.w.org\/{rel}","templated":true}]}}