{"id":419,"date":"2014-04-26T11:54:27","date_gmt":"2014-04-26T09:54:27","guid":{"rendered":"http:\/\/www.teamkl.de\/?page_id=419"},"modified":"2014-09-17T19:29:07","modified_gmt":"2014-09-17T17:29:07","slug":"1392-gewoelbe","status":"publish","type":"page","link":"https:\/\/www.teamkl.de\/?page_id=419","title":{"rendered":"1392 Gotisches Gew\u00f6lbe"},"content":{"rendered":"<table border=\"0\" width=\"1150\" cellspacing=\"0\" cellpadding=\"0\">\n<colgroup>\n<col width=\"350\" \/>\n<col width=\"200\" \/>\n<col width=\"600\" \/> <\/colgroup>\n<tbody>\n<tr valign=\"TOP\">\n<td width=\"350\">\n<p style=\"margin-bottom: 0cm; line-height: 150%;\"><span style=\"font-family: Arial,serif;\"><span style=\"font-size: medium;\"><b>GOTISCHES GEW\u00d6LBE <\/b><\/span><\/span><\/p>\n<p style=\"margin-bottom: 0cm; line-height: 150%;\"><span style=\"font-family: Arial,serif;\"><span style=\"font-size: medium;\"><b>HERZ-JESU-KIRCHE,\u00a0 D\u00dcSSELDORF<\/b><\/span><\/span><\/p>\n<p style=\"line-height: 150%;\"><span style=\"font-family: Arial,serif;\"><span style=\"font-size: small;\">Kompletterneuerung des Kirchengew\u00f6lbes <\/span><\/span><\/p>\n<p style=\"line-height: 150%;\"><span style=\"font-family: Arial,serif;\"><span style=\"font-size: small;\"><b>BAUJAHR: <\/b><\/span><\/span><\/p>\n<p style=\"line-height: 150%;\"><span style=\"font-family: Arial,serif;\"><span style=\"font-size: small;\">2004<\/span><\/span><\/p>\n<p style=\"line-height: 150%;\"><span style=\"font-family: Arial,serif;\"><span style=\"font-size: small;\"><b>LEISTUNG:<\/b><\/span><\/span><\/p>\n<p style=\"line-height: 150%;\"><span style=\"font-family: Arial,serif;\"><span style=\"font-size: small;\">Ausf\u00fchrungsplanung auf Basis der Statik des Ingenieurb\u00fcros Krings, R\u00f6srath<\/span><\/span><\/p>\n<p style=\"line-height: 150%;\"><span style=\"font-family: Arial,serif;\"><span style=\"font-size: small;\"><b>BESONDERHEIT:<\/b><\/span><\/span><\/p>\n<p>3D-Model zur \u00dcberpr\u00fcfung des kontinuierlichen Verlaufes der Gew\u00f6lbegurtb\u00f6gen<\/p>\n<p style=\"margin-bottom: 0cm; line-height: 150%;\"><span style=\"font-family: Arial,serif;\"><span style=\"font-size: medium;\"><b><br \/>\n<\/b><\/span><\/span><\/p>\n<p style=\"line-height: 150%;\"><span style=\"font-family: Arial,serif;\"><span style=\"font-size: small;\">\u00a0<\/span><\/span><\/p>\n<\/td>\n<td width=\"200\"><\/td>\n<td width=\"600\"><span style=\"color: #000000;\">PDF \u00a0 \u00a0 \u00a0 \u00a0\u00a0 <a href=\"http:\/\/www.teamkl.de\/wp-content\/uploads\/2014\/04\/1392-04.pdf\" target=\"_blank\"><span style=\"color: #000000;\">1392-04<\/span><\/a>\u00a0\u00a0\u00a0\u00a0 <a href=\"http:\/\/www.teamkl.de\/wp-content\/uploads\/2014\/04\/1392-05.pdf\" target=\"_blank\"><span style=\"color: #000000;\">1392-05\u00a0\u00a0\u00a0\u00a0 <\/span><\/a><\/span><span style=\"color: #000000;\">3D-PDF\u00a0\u00a0 <a href=\"http:\/\/www.teamkl.de\/wp-content\/uploads\/2014\/04\/1392-3D-Gew\u00f6lbe.pdf\" target=\"_blank\"><span style=\"color: #000000;\">1392 3D-Gew\u00f6lbe<\/span><\/a><\/span><\/p>\n<p style=\"margin-bottom: 0cm; font-style: normal; font-weight: normal; widows: 2; orphans: 2;\"><span style=\"color: #000000;\"><span style=\"font-family: Arial,sans-serif;\"><span style=\"font-size: small;\">Zur interaktiven Betrachtung des 3D-PDF bitte wie folgt vorgehen:<\/span><\/span><\/span><\/p>\n<p>Dateinamen anklicken, warten bis sich ein neues Browserfenster \u00f6ffnet und dort in die Zeichnung klicken. Es \u00f6ffnet sich nach kurzer Zeit eine Menueleiste. Dort k\u00f6nnen Sie oben im gr\u00fcnen Quadrat die Darstellungsoption w\u00e4hlen und mit der Maus und Scrollrad im Modell navigieren. Probieren Sie es aus &#8211; es k\u00f6nnte auch Ihr Modell sein.<\/p>\n<p>&nbsp;<\/p>\n<p style=\"margin-bottom: 0cm;\"><span style=\"font-family: Arial,sans-serif;\"><style id=\"bwg-style-0\">      #bwg_container1_0 #bwg_container2_0 .image_browser_images_conteiner_0 * {        -moz-box-sizing: border-box;        box-sizing: border-box;      }      #bwg_container1_0 #bwg_container2_0 .image_browser_images_conteiner_0{\t\tbackground-color: rgba(245, 245, 245, 0.90);\t\ttext-align: center;\t\twidth: 100%;\t\tborder-style: none;\t\tborder-width: 2px;\t\tborder-color: #F7F7F7;\t\tpadding: 4px;\t\tborder-radius: 0;\t\tposition:relative;      }      #bwg_container1_0 #bwg_container2_0 .image_browser_images_0 {\t\tdisplay: inline-block;\t\t-moz-box-sizing: border-box;\t\tbox-sizing: border-box;\t\tfont-size: 0;\t\ttext-align: center;\t\tmax-width: 100%;\t\twidth: 100%;      }      #bwg_container1_0 #bwg_container2_0 .image_browser_image_buttons_conteiner_0 {\t\ttext-align: center;      }      #bwg_container1_0 #bwg_container2_0 .image_browser_image_buttons_0 {\t\tdisplay: inline-block;\t\twidth:100%;      }      #bwg_container1_0 #bwg_container2_0 .bwg_image_browser_image_0 {        background-color: rgba(235, 235, 235, 0.80);\t\ttext-align: center;\t\tdisplay: inline-block;\t\tvertical-align: middle;\t\tmargin: 2px auto;\t\tpadding: 4px;\t\tborder-radius: 0;\t\tborder: 1px none #F5F5F5;\t\tbox-shadow: ;\t\tmax-width: 500px;\t\twidth: 100%;\t\t\/*z-index: 100;*\/\t\tposition: relative;      }      #bwg_container1_0 #bwg_container2_0 .bwg_image_alt_0{\t\tdisplay: table;\t\twidth: 100%;\t\tfont-size: 15px;\t\tfont-family: segoe ui;\t\tcolor: #000000;\t\ttext-align:center;\t\tpadding-left: 8px;        word-break: break-word;      }      #bwg_container1_0 #bwg_container2_0 .bwg_image_browser_img_0 {        padding: 0 !important;\t\tmax-width: 100% !important;\t\theight: inherit !important;\t\twidth: 100%;      }      @media only screen and (max-width : 320px) {\t\t#bwg_container1_0 #bwg_container2_0 .displaying-num_0 {\t\t  display: none;\t\t}\t\t#bwg_container1_0 #bwg_container2_0 .bwg_image_alt_0 {\t\t  font-size: 10px !important;\t\t}\t\t#bwg_container1_0 #bwg_container2_0 .bwg_watermark_text_0,\t\t#bwg_container1_0 #bwg_container2_0 .bwg_watermark_text_0:hover {\t\t  font-size: 10px !important;\t\t  text-decoration: none;\t\t  margin: 4px;\t\t  font-family: Arial;\t\t  color: #FFFFFF !important;\t\t  opacity: 0.30;\t\t  text-decoration: none;\t\t  position: relative;\t\t  z-index: 10141;\t\t}\t\t#bwg_container1_0 #bwg_container2_0 .bwg_image_browser_image_description_0 {\t\t  color: #000000;\t\t  display: table;\t\t  width: 100%;\t\t  text-align: left;\t\t  font-size: 8px !important;\t\t  font-family: segoe ui;\t\t  padding: 8px 8px 8px 8px;\t\t  \/*word-break: break-all;*\/\t\t  border-style: none;\t\t  background-color: #EBEBEB;\t\t  border-radius: 0;\t\t  border-width: 1px;\t\t}\t\t#bwg_container1_0 #bwg_container2_0 .tablenav-pages_0 a {\t\t  font-size: 10px !important;\t\t}      }      #bwg_container1_0 #bwg_container2_0 .bwg_image_browser_image_desp_0 {\t\t\t\tdisplay: table;\t\t\t\tclear: both;\t\t\t\ttext-align: center;        padding: 0px 5px 0px 5px;\t\t\t\twidth: 100%;      }      #bwg_container1_0 #bwg_container2_0 .bwg_image_browser_image_description_0 {        color: #000000;\t\tdisplay: table;\t\twidth: 100%;\t\ttext-align: left;\t\tfont-size: 15px;\t\tfont-family: segoe ui;\t\tpadding: 8px 8px 8px 8px;\t\tword-break: break-word;\t\tborder-style: none;\t\tbackground-color: #EBEBEB;\t\tborder-radius: 0;\t\tborder-width: 1px;      }      #bwg_container1_0 #bwg_container2_0 .bwg_image_browser_image_alt_0 {      \tdisplay:table;        clear: both;        text-align: center;        padding: 8px;        width: 100%;      }      \/*watermark*\/      #bwg_container1_0 #bwg_container2_0 .bwg_watermark_text_0,      #bwg_container1_0 #bwg_container2_0 .bwg_watermark_text_0:hover {        text-decoration: none;        margin: 4px;        font-size: 12px;        font-family: Arial;        color: #FFFFFF !important;        opacity: 0.30;        position: relative;        z-index: 10141;      }      #bwg_container1_0 #bwg_container2_0 .bwg_image_browser_image_contain_0{        position: absolute;        text-align: center;        vertical-align: middle;        width: 100%;        height: 100%;        cursor: pointer;      }      #bwg_container1_0 #bwg_container2_0 .bwg_image_browser_watermark_contain_0{        display: table;        vertical-align: middle;        width: 100%;        height: 100%;      }\t       #bwg_container1_0 #bwg_container2_0 .bwg_image_browser_watermark_cont_0{        display: table-cell;        text-align: ;        position: relative;        vertical-align: ;      }      #bwg_container1_0 #bwg_container2_0 .bwg_image_browser_watermark_0{\t\tdisplay: inline-block;\t\toverflow: hidden;\t\tposition: relative;\t\tvertical-align: middle;\t\tz-index: 10140;\t\twidth: 90px;\t\tmax-width: 18%;\t\tmargin: 10px 10px 10px 10px ;      }      #bwg_container1_0 #bwg_container2_0 .bwg_image_browser_watermark_text_0{        display: inline-block;\t\toverflow: hidden;\t\tposition: relative;\t\tvertical-align: middle;\t\tz-index: 10140;\t\tmargin: 10px 10px 10px 10px;      }      #bwg_container1_0 #bwg_container2_0 .bwg_image_browser_watermark_img_0{        max-width: 100%;        opacity: 0.30;        position: relative;        z-index: 10141;      }      #bwg_container1_0 #bwg_container2_0 .bwg_none_selectable {        -webkit-touch-callout: none;        -webkit-user-select: none;        -khtml-user-select: none;        -moz-user-select: none;        -ms-user-select: none;        user-select: none;       ecoration: none;    }    #bwg_container1_0 #bwg_container2_0 .bwg_gal_title_0 {      background-color: rgba(0, 0, 0, 0);      color: #323A45;      display: block;      font-family: Ubuntu;      font-size: 16px;      font-weight: bold;      padding: 2px;      text-shadow: 0px 0px 0px #888888;      text-align: center;    }    <\/style>    <div id=\"bwg_container1_0\"         class=\"bwg_container bwg_thumbnail bwg_image_browser \"         data-right-click-protection=\"0\"         data-bwg=\"0\"         data-scroll=\"0\"         data-gallery-type=\"image_browser\"         data-gallery-view-type=\"image_browser\"         data-current-url=\"\/index.php?rest_route=%2Fwp%2Fv2%2Fpages%2F419\"         data-lightbox-url=\"https:\/\/www.teamkl.de\/wp-admin\/admin-ajax.php?action=GalleryBox&#038;current_view=0&#038;gallery_id=20&#038;tag=0&#038;theme_id=1&#038;shortcode_id=0&#038;sort_by=order&#038;order_by=asc&#038;current_url=%2Findex.php%3Frest_route%3D%252Fwp%252Fv2%252Fpages%252F419\"         data-gallery-id=\"20\"         data-popup-width=\"500\"         data-popup-height=\"300\"         data-is-album=\"gallery\"         data-buttons-position=\"bottom\">      <div id=\"bwg_container2_0\">             <div id=\"ajax_loading_0\" class=\"bwg_loading_div_1\">      <div class=\"bwg_loading_div_2\">        <div class=\"bwg_loading_div_3\">          <div id=\"loading_div_0\" class=\"bwg_spider_ajax_loading\">          <\/div>        <\/div>      <\/div>    <\/div>            <form id=\"gal_front_form_0\"              class=\"bwg-hidden\"              method=\"post\"              action=\"#\"              data-current=\"0\"              data-shortcode-id=\"0\"              data-gallery-type=\"image_browser\"              data-gallery-id=\"20\"              data-tag=\"0\"              data-album-id=\"0\"              data-theme-id=\"1\"              data-ajax-url=\"https:\/\/www.teamkl.de\/wp-admin\/admin-ajax.php?action=bwg_frontend_data\">          <div id=\"bwg_container3_0\" class=\"bwg-background bwg-background-0\">            \t  <div id=\"bwg_image_browser_0\" class=\"image_browser_images_conteiner_0 bwg-image_browser-images-wrapper bwg-container\"         data-params='{&quot;is_pro&quot;:false,&quot;image_right_click&quot;:&quot;0&quot;,&quot;gallery_id&quot;:&quot;20&quot;}'         data-bwg=\"0\"         data-lightbox-url=\"https:\/\/www.teamkl.de\/wp-admin\/admin-ajax.php?action=GalleryBox&#038;current_view=0&#038;gallery_id=20&#038;tag=0&#038;theme_id=1&#038;shortcode_id=0&#038;sort_by=order&#038;order_by=asc&#038;current_url=%2Findex.php%3Frest_route%3D%252Fwp%252Fv2%252Fpages%252F419\">      <div class=\"image_browser_images_0\">                  <div class=\"image_browser_image_buttons_conteiner_0\">            <div class=\"image_browser_image_buttons_0\">                            <div class=\"bwg_image_browser_image_0\">                                  <a style=\"position:relative;\"  class=\"bwg-a bwg_lightbox\" data-image-id=\"86\" data-elementor-open-lightbox=\"no\">                    <img class=\"skip-lazy bwg-item0 bwg_image_browser_img bwg_image_browser_img_0 \"                         src=\"https:\/\/www.teamkl.de\/wp-content\/uploads\/photo-gallery\/1392-01.jpg\"                         data-src=\"https:\/\/www.teamkl.de\/wp-content\/uploads\/photo-gallery\/1392-01.jpg\"                         alt=\"1392-01\"                         title=\"1392-01\" \/>                  <\/a>                                <\/div>                          <\/div>          <\/div>                <\/div>    <\/div>    <style>      \/*pagination styles*\/      #bwg_container1_0 #bwg_container2_0 .tablenav-pages_0 {\t\t\t\ttext-align: center;\t\t\t\tfont-size: 12px;\t\t\t\tfont-family: segoe ui;\t\t\t\tfont-weight: bold;\t\t\t\tcolor: #666666;\t\t\t\tmargin: 6px 0 4px;\t\t\t\tdisplay: block;      }      @media only screen and (max-width : 320px) {      #bwg_container1_0 #bwg_container2_0 .displaying-num_0 {     \t display: none;      }      }      #bwg_container1_0 #bwg_container2_0 .displaying-num_0 {\t\t\t\tfont-size: 12px;\t\t\t\tfont-family: segoe ui;\t\t\t\tfont-weight: bold;\t\t\t\tcolor: #666666;\t\t\t\tmargin-right: 10px;\t\t\t\tvertical-align: middle;      }      #bwg_container1_0 #bwg_container2_0 .paging-input_0 {\t\t\t\tfont-size: 12px;\t\t\t\tfont-family: segoe ui;\t\t\t\tfont-weight: bold;\t\t\t\tcolor: #666666;\t\t\t\tvertical-align: middle;      }      #bwg_container1_0 #bwg_container2_0 .tablenav-pages_0 a.disabled,      #bwg_container1_0 #bwg_container2_0 .tablenav-pages_0 a.disabled:hover,      #bwg_container1_0 #bwg_container2_0 .tablenav-pages_0 a.disabled:focus,\t\t\t#bwg_container1_0 #bwg_container2_0 .tablenav-pages_0 input.bwg_current_page {\t\t\t\tcursor: default;\t\t\t\tcolor: rgba(102, 102, 102, 0.5);      }      #bwg_container1_0 #bwg_container2_0 .tablenav-pages_0 a,      #bwg_container1_0 #bwg_container2_0 .tablenav-pages_0 input.bwg_current_page {\t\t\t\tcursor: pointer;\t\t\t\ttext-align: center;\t\t\t\tfont-size: 12px;\t\t\t\tfont-family: segoe ui;\t\t\t\tfont-weight: bold;\t\t\t\tcolor: #666666;\t\t\t\ttext-decoration: none;\t\t\t\tpadding: 3px 6px;\t\t\t\tmargin: 0;\t\t\t\tborder-radius: 0;\t\t\t\tborder-style: solid;\t\t\t\tborder-width: 1px;\t\t\t\tborder-color: #E3E3E3;\t\t\t\t\t\t\t\tbackground-color: rgba(255, 255, 255, 1.00);\t\t\t\tbox-shadow: 0;\t\t\t\ttransition: all 0.3s ease 0s;-webkit-transition: all 0.3s ease 0s;      }            #bwg_container1_0 #bwg_container2_0 .tablenav-pages_0 a.next-page:hover,      #bwg_container1_0 #bwg_container2_0 .tablenav-pages_0 a.prev-page:hover {        color: #000000;      }      #bwg_container1_0 #bwg_container2_0 .tablenav-pages_0 .first-page,      #bwg_container1_0 #bwg_container2_0 .tablenav-pages_0 .last-page {        padding: 0% 7%;      }      #bwg_container1_0 #bwg_container2_0 .tablenav-pages_0 .next-page {        margin: 0% 4% 0% 0%;      }      #bwg_container1_0 #bwg_container2_0 .tablenav-pages_0 .prev-page {        margin: 0% 0% 0% 4%;      }      #bwg_container1_0 #bwg_container2_0 .tablenav-pages_0 a {        font-size: 15px !important;        padding: 0% 7% !important;        border-style: none !important;        border-width: 1px;        border-color: #E3E3E3;        background-color: #FFFFFF;        opacity: 1.00;        transition: all 0.3s ease 0s;-webkit-transition: all 0.3s ease 0s;      }      .bwg_image_browser#bwg_container1_0 #bwg_container2_0 .tablenav-pages_0 a {         padding: 0% 11% !important;      }\t\t\t#bwg_container1_0 #bwg_container2_0 .tablenav-pages_0 {        background-color: rgba(245, 245, 245, 0.90);        margin-top: 0;      }      .bwg_image_browser  .pagination-links_0 {        white-space: nowrap;      }      @media screen and (max-width: 465px) {        .bwg_image_browser#bwg_container1_0 #bwg_container2_0 .tablenav-pages_0 a {          padding: 0% 5% !important;          font-size: 13px;        }      }      <\/style>      <span class=\"bwg_nav_cont_0\">              <div class=\"tablenav-pages_0\">                      <span class=\"displaying-num_0\">3  Element(e)<\/span>                        <span class=\"pagination-links_0 pagination-links\" data-pages-count=\"3\">              <span class=\"pagination-links_col1\">              <a class=\"bwg-a first-page disabled\" title=\"Gehe zur ersten Seite\" >\u00ab<\/a>              <a class=\"bwg-a prev-page disabled\" title=\"Gehe zur vorherigen Seite\" >\u2039<\/a>              <\/span>\t\t\t\t\t\t\t<span class=\"pagination-links_col2\">\t\t\t\t\t\t\t\t\t<input type=\"number\" class=\"bwg_current_page\" name=\"bwg_current_page\" value=\"1\" data-url-info=\"page_number_0\" onkeypress=\"return bwg_change_page_0(event, this)\" min=\"1\" oninput=\"validity.valid||(value='')\" \/>\t\t\t\t\t\t\t\t\t\tvon\t\t\t\t\t\t\t\t\t\t<span class=\"total-pages_0\">\t\t\t\t\t\t\t\t\t\t\t3\t\t\t\t\t\t\t\t\t\t<\/span>\t\t\t\t\t\t\t<\/span>              <span class=\"pagination-links_col3\">                <a class=\"bwg-a next-page-0\" title=\"Gehe zur n\u00e4chsten Seite\" href=\"\/index.php?rest_route=%2Fwp%2Fv2%2Fpages%2F419&#038;page_number_0=2\">\u203a<\/a>                <a class=\"bwg-a last-page-0\" title=\"Gehe zur letzten Seite\" href=\"\/index.php?rest_route=%2Fwp%2Fv2%2Fpages%2F419&#038;page_number_0=3\">\u00bb<\/a>              <\/span>\t\t\t\t\t\t<\/span>\t\t\t\t\t\t        <\/div>                <input type=\"hidden\" id=\"page_number_0\" name=\"page_number_0\" value=\"1\" \/>      <script type=\"text\/javascript\">        if( jQuery('.bwg_nav_cont_0').length > 1 ) {          jQuery('.bwg_nav_cont_0').first().remove()        }        function spider_page_0(cur, x, y, load_more) {          if (typeof load_more == \"undefined\") {            var load_more = false;          }          if (jQuery(cur).hasClass('disabled')) {            return false;          }          var items_county_0 = 3;          switch (y) {            case 1:              if (x >= items_county_0) {                document.getElementById('page_number_0').value = items_county_0;              }              else {                document.getElementById('page_number_0').value = x + 1;              }              break;            case 2:              document.getElementById('page_number_0').value = items_county_0;              break;            case -1:              if (x == 1) {                document.getElementById('page_number_0').value = 1;              }              else {                document.getElementById('page_number_0').value = x - 1;              }              break;            case -2:              document.getElementById('page_number_0').value = 1;              break;\t\t\t\t\t\tcase 0:              document.getElementById('page_number_0').value = x;              break;            default:              document.getElementById('page_number_0').value = 1;          }          bwg_ajax('gal_front_form_0', '0', 'bwg_image_browser_0', '0', '', 'gallery', 0, '', '', load_more, '', 1);        }                    jQuery('.first-page disabled').on('click', function () {              spider_page_0(this, 1, -2, 'numeric');              return false;            });            jQuery('.prev-page disabled').on('click', function () {              spider_page_0(this, 1, -1, 'numeric');              return false;            });            jQuery('.next-page-0').on('click', function () {              spider_page_0(this, 1, 1, 'numeric');              return false;            });            jQuery('.last-page-0').on('click', function () {              spider_page_0(this, 1, 2, 'numeric');              return false;            });        \t\t\t\t\/* Change page on input enter. *\/        function bwg_change_page_0( e, that ) {          if (  e.key == 'Enter' ) {            var to_page = parseInt(jQuery(that).val());            var pages_count = jQuery(that).parents(\".pagination-links\").data(\"pages-count\");            var current_url_param = jQuery(that).attr('data-url-info');            if (to_page > pages_count) {              to_page = 1;            }\t \t\t\t\t\t\t\t\t\t\t\t\tspider_page_0(this, to_page, 0, 'numeric');\t\t\t\t\t\t\treturn false;\t\t\t\t\t\t          }          return true;        }        jQuery('.bwg_load_btn_0').on('click', function () {            spider_page_0(this, 1, 1, true);            return false;        });      <\/script>      <\/span>                <\/div>        <\/form>        <style>          #bwg_container1_0 #bwg_container2_0 #spider_popup_overlay_0 {          background-color: #000000;          opacity: 0.70;          }          <\/style>        <div id=\"bwg_spider_popup_loading_0\" class=\"bwg_spider_popup_loading\"><\/div>        <div id=\"spider_popup_overlay_0\" class=\"spider_popup_overlay\" onclick=\"spider_destroypopup(1000)\"><\/div>        <input type=\"hidden\" id=\"bwg_random_seed_0\" value=\"893076878\">                <\/div>    <\/div>    <script>      if (document.readyState === 'complete') {        if( typeof bwg_main_ready == 'function' ) {          if ( jQuery(\"#bwg_container1_0\").height() ) {            bwg_main_ready(jQuery(\"#bwg_container1_0\"));          }        }      } else {        document.addEventListener('DOMContentLoaded', function() {          if( typeof bwg_main_ready == 'function' ) {            if ( jQuery(\"#bwg_container1_0\").height() ) {             bwg_main_ready(jQuery(\"#bwg_container1_0\"));            }          }        });      }    <\/script>    <\/p>\n<p><\/span><\/p>\n<p>&nbsp;<\/p>\n<p>&nbsp;<\/p>\n<p>&nbsp;<\/p>\n<p>&nbsp;<\/p>\n<p>&nbsp;<\/p>\n<p>&nbsp;<\/p>\n<p>&nbsp;<\/p>\n<p>&nbsp;<\/td>\n<\/tr>\n<\/tbody>\n<\/table>\n","protected":false},"excerpt":{"rendered":"<p>GOTISCHES GEW\u00d6LBE HERZ-JESU-KIRCHE,\u00a0 D\u00dcSSELDORF Kompletterneuerung des Kirchengew\u00f6lbes BAUJAHR: 2004 LEISTUNG: Ausf\u00fchrungsplanung auf Basis der Statik des Ingenieurb\u00fcros Krings, R\u00f6srath BESONDERHEIT: 3D-Model zur \u00dcberpr\u00fcfung des kontinuierlichen Verlaufes der Gew\u00f6lbegurtb\u00f6gen \u00a0 PDF \u00a0 \u00a0 \u00a0 \u00a0\u00a0 1392-04\u00a0\u00a0\u00a0\u00a0 1392-05\u00a0\u00a0\u00a0\u00a0 3D-PDF\u00a0\u00a0 1392 3D-Gew\u00f6lbe Zur interaktiven Betrachtung des 3D-PDF bitte wie folgt vorgehen: Dateinamen anklicken, warten bis sich ein neues [&hellip;]<\/p>\n","protected":false},"author":1,"featured_media":0,"parent":319,"menu_order":430008,"comment_status":"closed","ping_status":"closed","template":"","meta":[],"_links":{"self":[{"href":"https:\/\/www.teamkl.de\/index.php?rest_route=\/wp\/v2\/pages\/419"}],"collection":[{"href":"https:\/\/www.teamkl.de\/index.php?rest_route=\/wp\/v2\/pages"}],"about":[{"href":"https:\/\/www.teamkl.de\/index.php?rest_route=\/wp\/v2\/types\/page"}],"author":[{"embeddable":true,"href":"https:\/\/www.teamkl.de\/index.php?rest_route=\/wp\/v2\/users\/1"}],"replies":[{"embeddable":true,"href":"https:\/\/www.teamkl.de\/index.php?rest_route=%2Fwp%2Fv2%2Fcomments&post=419"}],"version-history":[{"count":13,"href":"https:\/\/www.teamkl.de\/index.php?rest_route=\/wp\/v2\/pages\/419\/revisions"}],"predecessor-version":[{"id":1041,"href":"https:\/\/www.teamkl.de\/index.php?rest_route=\/wp\/v2\/pages\/419\/revisions\/1041"}],"up":[{"embeddable":true,"href":"https:\/\/www.teamkl.de\/index.php?rest_route=\/wp\/v2\/pages\/319"}],"wp:attachment":[{"href":"https:\/\/www.teamkl.de\/index.php?rest_route=%2Fwp%2Fv2%2Fmedia&parent=419"}],"curies":[{"name":"wp","href":"https:\/\/api.w.org\/{rel}","templated":true}]}}