{"id":404,"date":"2014-04-26T11:46:26","date_gmt":"2014-04-26T09:46:26","guid":{"rendered":"http:\/\/www.teamkl.de\/?page_id=404"},"modified":"2014-07-07T08:55:43","modified_gmt":"2014-07-07T06:55:43","slug":"weitere-projekte-oeffentliche-gebaeude","status":"publish","type":"page","link":"https:\/\/www.teamkl.de\/?page_id=404","title":{"rendered":"Weitere \u00f6ffentliche Projekte"},"content":{"rendered":"<h2 style=\"line-height: 150%;\"><span style=\"color: #000000;\"><span style=\"font-size: large;\"><b><span style=\"font-family: Arial,serif;\">Weitere Projekte \u201e\u00d6ffentliche Geb\u00e4ude\u201c<\/span><\/b><\/span><\/span><\/h2>\n<p style=\"line-height: 150%;\"><span style=\"color: #000000;\"><span style=\"font-family: Arial,serif;\"><span style=\"font-size: small;\">1992 Sport- und Freizeitzentrum, Ausf\u00fchrungsplanung, J\u00fclicher-Stra\u00dfe, Berlin-Wedding<\/span><\/span><\/span><\/p>\n<p style=\"line-height: 150%;\"><span style=\"color: #000000;\"><span style=\"font-family: Arial,serif;\"><span style=\"font-size: small;\">1992 Neubau KITA, St. Bartholom\u00e4us, K\u00f6ln<\/span><\/span><\/span><\/p>\n<p style=\"line-height: 150%;\"><span style=\"color: #000000;\"><span style=\"font-family: Arial,serif;\"><span style=\"font-size: small;\">1993 Umbau Theater im Bauturm, K\u00f6ln<\/span><\/span><\/span><\/p>\n<p style=\"line-height: 150%;\"><span style=\"color: #000000;\"><span style=\"font-family: Arial,serif;\"><span style=\"font-size: small;\">1994 Einkaufszentrum, Umbau + Erweiterung, K\u00f6ln-Weiden<\/span><\/span><\/span><\/p>\n<p style=\"line-height: 150%;\"><span style=\"color: #000000;\"><span style=\"font-family: Arial,serif;\"><span style=\"font-size: small;\">1996 Neubau Freibadanlage, Bad Berka<\/span><\/span><\/span><\/p>\n<p style=\"line-height: 150%;\"><span style=\"color: #000000;\"><span style=\"font-family: Arial,serif;\"><span style=\"font-size: small;\">1997 Neubau KITA, K\u00f6ln-Porz<\/span><\/span><\/span><\/p>\n<p style=\"line-height: 150%;\"><span style=\"color: #000000;\"><span style=\"font-family: Arial,serif;\"><span style=\"font-size: small;\">1998 Neubau Tagespflegegeb\u00e4ude, SBK K\u00f6ln, Architekt W. Diercks<\/span><\/span><\/span><\/p>\n<p style=\"line-height: 150%;\"><span style=\"color: #000000;\"><span style=\"font-family: Arial,serif;\"><span style=\"font-size: small;\">1998 Erweiterung Behindertenwerkstatt, SBK K\u00f6ln-Bickendorf<\/span><\/span><\/span><\/p>\n<p style=\"line-height: 150%;\"><span style=\"color: #000000;\"><span style=\"font-family: Arial,serif;\"><span style=\"font-size: small;\">1999 Neubau Waldorfkindergarten, Hagen-Eilpe<\/span><\/span><\/span><\/p>\n<p style=\"line-height: 150%;\"><span style=\"color: #000000;\"><span style=\"font-family: Arial,serif;\"><span style=\"font-size: small;\">2000 Umbau Geb\u00e4ude P8, SBK K\u00f6ln<\/span><\/span><\/span><\/p>\n<p style=\"line-height: 150%;\"><span style=\"color: #000000;\"><span style=\"font-family: Arial,serif;\"><span style=\"font-size: small;\">2001 Umbau Geb\u00e4ude P1, SBK K\u00f6ln<\/span><\/span><\/span><\/p>\n<p style=\"line-height: 150%;\"><span style=\"color: #000000;\"><span style=\"font-family: Arial,serif;\"><span style=\"font-size: small;\">2001 Umbau KITA St. Alban, Erftstadt-Liblar <\/span><\/span><\/span><\/p>\n<p style=\"line-height: 150%;\"><span style=\"color: #000000;\"><span style=\"font-family: Arial,serif;\"><span style=\"font-size: small;\">2003 Neubau KITA, K\u00f6ln-Weidenpesch<\/span><\/span><\/span><\/p>\n<p style=\"line-height: 150%;\"><a name=\"_GoBack\"><\/a><span style=\"color: #000000;\"><span style=\"font-family: Arial,serif;\"><span style=\"font-size: small;\">2004 Neubau KITA, K\u00f6ln-D\u00fcnnwald<\/span><\/span><\/span><\/p>\n<p style=\"line-height: 150%;\"><span style=\"color: #000000;\"><span style=\"font-family: Arial,serif;\"><span style=\"font-size: small;\">2008 Orangerie-Theater im Volksgarten, Sanierung Kellergew\u00f6lbe<\/span><\/span><\/span><\/p>\n<p style=\"line-height: 150%;\"><span style=\"color: #000000;\"><span style=\"font-family: Arial,serif;\"><span style=\"font-size: small;\">2008 Orangerie-Theater im Volksgarten, Ert\u00fcchtigung Dachkonstruktion<\/span><\/span><\/span><\/p>\n<p style=\"line-height: 150%;\"><span style=\"color: #000000;\"><span style=\"font-family: Arial,serif;\"><span style=\"font-size: small;\">2011 Umbau Residenz-Filmtheater, Kaiser-Wilhelm-Ring, K\u00f6ln<\/span><\/span><\/span><\/p>\n","protected":false},"excerpt":{"rendered":"<p>Weitere Projekte \u201e\u00d6ffentliche Geb\u00e4ude\u201c 1992 Sport- und Freizeitzentrum, Ausf\u00fchrungsplanung, J\u00fclicher-Stra\u00dfe, Berlin-Wedding 1992 Neubau KITA, St. Bartholom\u00e4us, K\u00f6ln 1993 Umbau Theater im Bauturm, K\u00f6ln 1994 Einkaufszentrum, Umbau + Erweiterung, K\u00f6ln-Weiden 1996 Neubau Freibadanlage, Bad Berka 1997 Neubau KITA, K\u00f6ln-Porz 1998 Neubau Tagespflegegeb\u00e4ude, SBK K\u00f6ln, Architekt W. Diercks 1998 Erweiterung Behindertenwerkstatt, SBK K\u00f6ln-Bickendorf 1999 Neubau Waldorfkindergarten, Hagen-Eilpe [&hellip;]<\/p>\n","protected":false},"author":1,"featured_media":0,"parent":381,"menu_order":409999,"comment_status":"closed","ping_status":"closed","template":"","meta":[],"_links":{"self":[{"href":"https:\/\/www.teamkl.de\/index.php?rest_route=\/wp\/v2\/pages\/404"}],"collection":[{"href":"https:\/\/www.teamkl.de\/index.php?rest_route=\/wp\/v2\/pages"}],"about":[{"href":"https:\/\/www.teamkl.de\/index.php?rest_route=\/wp\/v2\/types\/page"}],"author":[{"embeddable":true,"href":"https:\/\/www.teamkl.de\/index.php?rest_route=\/wp\/v2\/users\/1"}],"replies":[{"embeddable":true,"href":"https:\/\/www.teamkl.de\/index.php?rest_route=%2Fwp%2Fv2%2Fcomments&post=404"}],"version-history":[{"count":8,"href":"https:\/\/www.teamkl.de\/index.php?rest_route=\/wp\/v2\/pages\/404\/revisions"}],"predecessor-version":[{"id":971,"href":"https:\/\/www.teamkl.de\/index.php?rest_route=\/wp\/v2\/pages\/404\/revisions\/971"}],"up":[{"embeddable":true,"href":"https:\/\/www.teamkl.de\/index.php?rest_route=\/wp\/v2\/pages\/381"}],"wp:attachment":[{"href":"https:\/\/www.teamkl.de\/index.php?rest_route=%2Fwp%2Fv2%2Fmedia&parent=404"}],"curies":[{"name":"wp","href":"https:\/\/api.w.org\/{rel}","templated":true}]}}