{"id":317,"date":"2014-04-22T10:12:28","date_gmt":"2014-04-22T08:12:28","guid":{"rendered":"http:\/\/www.teamkl.de\/?page_id=317"},"modified":"2015-01-10T09:42:47","modified_gmt":"2015-01-10T07:42:47","slug":"revital","status":"publish","type":"page","link":"https:\/\/www.teamkl.de\/?page_id=317","title":{"rendered":"Revitalisierung"},"content":{"rendered":"<p>&nbsp;<\/p>\n<h2><span style=\"text-decoration: underline;\"><span style=\"color: #000000; text-decoration: underline;\">Referenzobjekte &#8222;Revitalisierung&#8220;<\/span><br \/>\n<\/span><\/h2>\n<p>&nbsp;<\/p>\n<table border=\"0\" width=\"100%\" cellspacing=\"0\" cellpadding=\"0\">\n<tbody>\n<tr valign=\"TOP\">\n<td width=\"50%\"><a href=\"http:\/\/www.teamkl.de\/wp-content\/uploads\/2014\/04\/1663-02-klein.jpg\"><img decoding=\"async\" loading=\"lazy\" class=\"aligncenter size-thumbnail wp-image-649\" src=\"http:\/\/www.teamkl.de\/wp-content\/uploads\/2014\/04\/1663-02-klein-150x150.jpg\" alt=\"1663-02 klein\" width=\"150\" height=\"150\" \/><\/a><\/td>\n<td width=\"50%\">\n<h2 style=\"line-height: 100%;\"><span style=\"color: #000000;\"><a href=\"http:\/\/www.teamkl.de\/?page_id=396\" target=\"_blank\"><span style=\"font-family: Arial,serif; color: #000000;\"><span style=\"font-size: large;\"><b>KONRAD-ADENAUER-UFER 101, K\u00d6LN<\/b><\/span><\/span><\/a><\/span><\/h2>\n<p style=\"line-height: 100%;\"><span style=\"font-family: Arial,serif;\"><span style=\"font-size: large;\">Sanierung, Umbau + Anbau einer denkmalgesch\u00fctzten Stadtvilla<\/span><\/span><\/p>\n<p style=\"margin-bottom: 0cm; line-height: 100%;\">\n<\/td>\n<\/tr>\n<tr valign=\"TOP\">\n<td width=\"50%\"><a href=\"http:\/\/www.teamkl.de\/wp-content\/uploads\/2014\/04\/1612-bild1.jpg\"><img decoding=\"async\" loading=\"lazy\" class=\"aligncenter size-thumbnail wp-image-644\" src=\"http:\/\/www.teamkl.de\/wp-content\/uploads\/2014\/04\/1612-bild1-150x150.jpg\" alt=\"1612-bild1\" width=\"150\" height=\"150\" \/><\/a><\/td>\n<td width=\"50%\">\n<h2 style=\"margin-top: 0.42cm;\"><span style=\"color: #000000;\"><a href=\"http:\/\/www.teamkl.de\/?page_id=398%20\" target=\"_blank\"><span style=\"font-family: Arial,serif; color: #000000;\"><span style=\"font-size: large;\"><b><span style=\"color: #000000;\">L\u00c4RCHENWEG 4, K\u00d6LN-JUNKERSDORF<\/span><\/b><\/span><\/span><\/a><\/span><\/h2>\n<p style=\"line-height: 100%;\"><span style=\"font-family: Arial,serif;\"><span style=\"font-size: large;\">Umbau + Erweiterung Einfamilienhaus <\/span><\/span><\/p>\n<p style=\"line-height: 100%;\"><span style=\"font-family: Arial,serif;\"><span style=\"font-size: large;\">Sichtbeton im Bestand<\/span><\/span><\/p>\n<p style=\"margin-bottom: 0cm; line-height: 100%;\">\n<\/td>\n<\/tr>\n<tr valign=\"TOP\">\n<td width=\"50%\"><a href=\"http:\/\/www.teamkl.de\/wp-content\/uploads\/2014\/04\/1451-02.jpg\"><img decoding=\"async\" loading=\"lazy\" class=\"aligncenter size-thumbnail wp-image-641\" src=\"http:\/\/www.teamkl.de\/wp-content\/uploads\/2014\/04\/1451-02-150x150.jpg\" alt=\"1451-02\" width=\"150\" height=\"150\" \/><\/a><\/td>\n<td width=\"50%\">\n<h2 style=\"margin-top: 0.42cm;\"><span style=\"color: #000000;\"><a href=\"http:\/\/www.teamkl.de\/?page_id=394%20\" target=\"_blank\"><span style=\"font-family: Arial,serif; color: #000000;\"><span style=\"font-size: large;\"><b>AM RODDERBERG 2-4, K\u00d6LN<\/b><\/span><\/span><\/a><\/span><\/h2>\n<p style=\"line-height: 100%;\"><span style=\"font-family: Arial,serif;\"><span style=\"font-size: large;\">Sanierung einer extrem gesch\u00e4digten Wohnanlage<\/span><\/span><\/p>\n<\/td>\n<\/tr>\n<tr valign=\"TOP\">\n<td width=\"50%\"><a href=\"http:\/\/www.teamkl.de\/wp-content\/uploads\/2014\/04\/1444-04.jpg\"><img decoding=\"async\" loading=\"lazy\" class=\"aligncenter size-thumbnail wp-image-664\" src=\"http:\/\/www.teamkl.de\/wp-content\/uploads\/2014\/04\/1444-04-150x150.jpg\" alt=\"1444-04\" width=\"150\" height=\"150\" \/><\/a><\/td>\n<td width=\"50%\">\n<h2 style=\"margin-top: 0.42cm;\"><a title=\"1444 Benderstrasse\" href=\"http:\/\/www.teamkl.de\/?page_id=392\"><span style=\"color: #000000;\"><span style=\"font-family: Arial,serif; color: #000000;\"><span style=\"font-size: large;\"><b>BENDERSTRASSE 123-141, D\u00dcSSELDORF<\/b><\/span><\/span><\/span><\/a><\/h2>\n<p style=\"margin-top: 0.42cm;\"><span style=\"font-family: Arial,serif;\"><span style=\"font-size: large;\">Sanierung, Umbau, Neubau + Aufstockung einer Wohnanlage <\/span><\/span><\/p>\n<\/td>\n<\/tr>\n<tr valign=\"TOP\">\n<td width=\"50%\"><\/td>\n<td width=\"50%\">\n<h2 style=\"line-height: 100%;\"><a href=\"http:\/\/www.teamkl.de\/?page_id=407\" target=\"_blank\"><span style=\"font-family: Arial,serif;\"><span style=\"font-size: large;\"><strong><span style=\"color: #000000;\">Weitere Projekte &#8222;Revitalisierung&#8220;<\/span><\/strong> <\/span><\/span><\/a><\/h2>\n<\/td>\n<\/tr>\n<tr valign=\"TOP\">\n<td width=\"50%\"><\/td>\n<td width=\"50%\"><\/td>\n<\/tr>\n<tr valign=\"TOP\">\n<td width=\"50%\"><\/td>\n<td width=\"50%\"><\/td>\n<\/tr>\n<tr valign=\"TOP\">\n<td width=\"50%\"><\/td>\n<td width=\"50%\"><\/td>\n<\/tr>\n<tr valign=\"TOP\">\n<td width=\"50%\"><\/td>\n<td width=\"50%\"><\/td>\n<\/tr>\n<tr valign=\"TOP\">\n<td width=\"50%\"><\/td>\n<td width=\"50%\"><\/td>\n<\/tr>\n<\/tbody>\n<\/table>\n<p>&nbsp;<\/p>\n","protected":false},"excerpt":{"rendered":"<p>&nbsp; Referenzobjekte &#8222;Revitalisierung&#8220; &nbsp; KONRAD-ADENAUER-UFER 101, K\u00d6LN Sanierung, Umbau + Anbau einer denkmalgesch\u00fctzten Stadtvilla L\u00c4RCHENWEG 4, K\u00d6LN-JUNKERSDORF Umbau + Erweiterung Einfamilienhaus Sichtbeton im Bestand AM RODDERBERG 2-4, K\u00d6LN Sanierung einer extrem gesch\u00e4digten Wohnanlage BENDERSTRASSE 123-141, D\u00dcSSELDORF Sanierung, Umbau, Neubau + Aufstockung einer Wohnanlage Weitere Projekte &#8222;Revitalisierung&#8220; &nbsp;<\/p>\n","protected":false},"author":1,"featured_media":0,"parent":33,"menu_order":420000,"comment_status":"closed","ping_status":"closed","template":"","meta":[],"_links":{"self":[{"href":"https:\/\/www.teamkl.de\/index.php?rest_route=\/wp\/v2\/pages\/317"}],"collection":[{"href":"https:\/\/www.teamkl.de\/index.php?rest_route=\/wp\/v2\/pages"}],"about":[{"href":"https:\/\/www.teamkl.de\/index.php?rest_route=\/wp\/v2\/types\/page"}],"author":[{"embeddable":true,"href":"https:\/\/www.teamkl.de\/index.php?rest_route=\/wp\/v2\/users\/1"}],"replies":[{"embeddable":true,"href":"https:\/\/www.teamkl.de\/index.php?rest_route=%2Fwp%2Fv2%2Fcomments&post=317"}],"version-history":[{"count":20,"href":"https:\/\/www.teamkl.de\/index.php?rest_route=\/wp\/v2\/pages\/317\/revisions"}],"predecessor-version":[{"id":1167,"href":"https:\/\/www.teamkl.de\/index.php?rest_route=\/wp\/v2\/pages\/317\/revisions\/1167"}],"up":[{"embeddable":true,"href":"https:\/\/www.teamkl.de\/index.php?rest_route=\/wp\/v2\/pages\/33"}],"wp:attachment":[{"href":"https:\/\/www.teamkl.de\/index.php?rest_route=%2Fwp%2Fv2%2Fmedia&parent=317"}],"curies":[{"name":"wp","href":"https:\/\/api.w.org\/{rel}","templated":true}]}}