{"id":29,"date":"2014-03-22T16:22:51","date_gmt":"2014-03-22T14:22:51","guid":{"rendered":"http:\/\/www.teamkl.de\/?page_id=29"},"modified":"2014-09-08T09:58:54","modified_gmt":"2014-09-08T07:58:54","slug":"leistungen","status":"publish","type":"page","link":"https:\/\/www.teamkl.de\/?page_id=29","title":{"rendered":"Spektrum"},"content":{"rendered":"<h2 style=\"margin-bottom: 0cm;\"><span style=\"font-family: Arial,serif;\"><b>SPEKTRUM<\/b><\/span><\/h2>\n<h4 style=\"margin-bottom: 0cm;\"><span style=\"font-family: Arial,serif; color: #000000;\"><b>LEISTUNGEN<\/b><\/span><\/h4>\n<p style=\"margin-bottom: 0cm;\"><span style=\"font-family: Arial,serif;\"><span style=\"color: #000000;\"><span style=\"font-size: small;\"><span style=\"font-family: Arial,serif;\"><span style=\"font-family: Arial,serif;\">Wir k\u00f6nnen Ihnen bei Ihren Projekten vielf\u00e4ltige Leistungsbilder der Tragwerksplanung anbieten:<\/span><\/span><\/span><\/span><br \/>\n<\/span><\/p>\n<table style=\"page-break-before: auto; height: 324px;\" border=\"1\" width=\"737\" cellspacing=\"0\" cellpadding=\"4\">\n<tbody>\n<tr valign=\"TOP\">\n<td width=\"29%\"><\/td>\n<td width=\"71%\"><\/td>\n<\/tr>\n<tr valign=\"TOP\">\n<td width=\"29%\"><\/td>\n<td width=\"71%\"><span style=\"color: #000000;\"><span style=\"font-size: small;\"><span style=\"font-family: Arial,serif;\"><span style=\"font-family: Arial,serif;\">Komplette Tragwerksplanung in allen Leistungsphasen der HOAI<\/span><\/span><\/span><\/span><\/td>\n<\/tr>\n<tr valign=\"TOP\">\n<td width=\"29%\"><\/td>\n<td width=\"71%\"><span style=\"color: #000000;\"><span style=\"font-size: small;\"><span style=\"font-family: Arial,serif;\"><span style=\"font-family: Arial,serif;\">Bauantragstatiken <\/span><\/span><\/span><\/span><\/td>\n<\/tr>\n<tr valign=\"TOP\">\n<td width=\"29%\"><\/td>\n<td width=\"71%\"><span style=\"color: #000000;\"><span style=\"font-size: small;\"><span style=\"font-family: Arial,serif;\"><span style=\"font-family: Arial,serif;\"><span style=\"font-family: Arial,serif;\">Umbauplanung<\/span><\/span><\/span><\/span><\/span><\/td>\n<\/tr>\n<tr valign=\"TOP\">\n<td width=\"29%\"><\/td>\n<td width=\"71%\"><span style=\"color: #000000;\"><span style=\"font-size: small;\"><span style=\"font-family: Arial,serif;\"><span style=\"font-family: Arial,serif;\"><span style=\"font-family: Arial,serif;\">Detailplanung<\/span><\/span><\/span><\/span><\/span><\/td>\n<\/tr>\n<tr valign=\"TOP\">\n<td width=\"29%\"><\/td>\n<td width=\"71%\"><span style=\"color: #000000;\"><span style=\"font-size: small;\"><span style=\"font-family: Arial,serif;\"><span style=\"font-family: Arial,serif;\"><span style=\"font-family: Arial,serif;\">Fertigteilplanung<\/span><\/span><\/span><\/span><\/span><\/td>\n<\/tr>\n<tr valign=\"TOP\">\n<td width=\"29%\"><\/td>\n<td width=\"71%\"><span style=\"color: #000000;\"><span style=\"font-size: small;\"><span style=\"font-family: Arial,serif;\"><span style=\"font-family: Arial,serif;\"><span style=\"font-family: Arial,serif;\">Statische Analyse von Bestandsobjekten<\/span><\/span><\/span><\/span><\/span><\/td>\n<\/tr>\n<tr valign=\"TOP\">\n<td width=\"29%\"><\/td>\n<td width=\"71%\"><span style=\"color: #000000;\"><span style=\"font-size: small;\"><span style=\"font-family: Arial,serif;\"><span style=\"font-family: Arial,serif;\"><span style=\"font-family: Arial,serif;\">Voruntersuchungen<\/span><\/span><\/span><\/span><\/span><\/td>\n<\/tr>\n<tr valign=\"TOP\">\n<td width=\"29%\"><\/td>\n<td width=\"71%\"><span style=\"color: #000000;\"><span style=\"font-size: small;\"><span style=\"font-family: Arial,serif;\"><span style=\"font-family: Arial,serif;\"><span style=\"font-family: Arial,serif;\">Machbarkeitsstudien<\/span><\/span><\/span><\/span><\/span><\/td>\n<\/tr>\n<tr valign=\"TOP\">\n<td width=\"29%\"><\/td>\n<td width=\"71%\"><span style=\"color: #000000;\"><span style=\"font-size: small;\"><span style=\"font-family: Arial,serif;\"><span style=\"font-family: Arial,serif;\">Stellungnahmen<\/span><\/span><\/span><\/span><\/td>\n<\/tr>\n<tr valign=\"TOP\">\n<td width=\"29%\"><\/td>\n<td width=\"71%\"><\/td>\n<\/tr>\n<\/tbody>\n<\/table>\n<h4><span style=\"font-family: Arial,serif; color: #000000;\"><b>DISZIPLINEN<\/b><\/span><\/h4>\n<p><span style=\"font-family: Arial,serif; color: #000000;\">Unser Leistungsspektrum umfasst eine breite Palette der Tragwerksplanung. Insbesondere sind dies die folgenden Bereiche:<\/span><\/p>\n<table style=\"page-break-before: auto; height: 324px;\" border=\"1\" width=\"737\" cellspacing=\"0\" cellpadding=\"4\">\n<tbody>\n<tr valign=\"TOP\">\n<td width=\"29%\"><span style=\"font-size: small; color: #000000;\"><span style=\"font-family: Arial,serif;\"><b>Massivbau<\/b><\/span><\/span><\/td>\n<td width=\"71%\"><span style=\"color: #000000;\"><span style=\"font-size: small;\"><span style=\"font-family: Arial,serif;\">der das Kerngebiet unseres Teams darstellt <\/span><\/span><\/span><\/td>\n<\/tr>\n<tr valign=\"TOP\">\n<td width=\"29%\"><span style=\"font-size: small; color: #000000;\"><span style=\"font-family: Arial,serif;\"><b>Holzbau <\/b><\/span><\/span><\/td>\n<td width=\"71%\"><span style=\"color: #000000;\"><span style=\"font-size: small;\"><span style=\"font-family: Arial,serif;\">mit detaillierter Ausf\u00fchrungsplanung<\/span><\/span><\/span><\/td>\n<\/tr>\n<tr valign=\"TOP\">\n<td width=\"29%\"><span style=\"font-size: small; color: #000000;\"><span style=\"font-family: Arial,serif;\"><b>Stahlbau<\/b><\/span><\/span><\/td>\n<td width=\"71%\"><span style=\"color: #000000;\"><span style=\"font-size: small;\"><span style=\"font-family: Arial,serif;\">von der Statik bis zur Detailplanung reichen unsere Stahlbauprojekte \u2013 ggfs. unterst\u00fctzt durch einen exquisiten Stahlbauingenieur, mit dem wir ein engmaschiges Netzwerk bilden, so dass wir f\u00fcr Sie die Planung aus einer Hand anbieten k\u00f6nnen. <\/span><\/span><\/span><\/td>\n<\/tr>\n<tr valign=\"TOP\">\n<td width=\"29%\"><span style=\"font-size: small; color: #000000;\"><span style=\"font-family: Arial,serif;\"><b>Umbau\/Revitalisierung<\/b><\/span><\/span><\/td>\n<td width=\"71%\"><span style=\"color: #000000;\"><span style=\"font-size: small;\"><span style=\"font-family: Arial,serif;\">gewinnt im Bauwesen zunehmend an Bedeutung, der\/die f\u00fcr uns seit Jahren allt\u00e4glicher Planungsbereich ist und kein neues Bet\u00e4tigungsfeld darstellt.<\/span><\/span><\/span><\/td>\n<\/tr>\n<tr valign=\"TOP\">\n<td width=\"29%\"><span style=\"font-size: small; color: #000000;\"><span style=\"font-family: Arial,serif;\"><b>Wohnungsbau<\/b><\/span><\/span><\/td>\n<td width=\"71%\"><span style=\"color: #000000;\"><span style=\"font-size: small;\"><span style=\"font-family: Arial,serif;\">Unz\u00e4hlige Wohnbauprojekte aller Gr\u00f6\u00dfenordnungen bilden unseren Erfahrungsschatz <\/span><\/span><\/span><\/td>\n<\/tr>\n<tr valign=\"TOP\">\n<td width=\"29%\"><span style=\"font-size: small; color: #000000;\"><span style=\"font-family: Arial,serif;\"><b>B\u00fcros &amp; Gesch\u00e4ftsbauten<\/b><\/span><\/span><\/td>\n<td width=\"71%\"><span style=\"color: #000000;\"><span style=\"font-size: small;\"><span style=\"font-family: Arial,serif;\">aller Gr\u00f6\u00dfenordnungen sind f\u00fcr uns kein Neuland<\/span><\/span><\/span><\/td>\n<\/tr>\n<tr valign=\"TOP\">\n<td width=\"29%\"><span style=\"font-size: small; color: #000000;\"><span style=\"font-family: Arial,serif;\"><b>Industriebau<\/b><\/span><\/span><\/td>\n<td width=\"71%\"><span style=\"color: #000000;\"><span style=\"font-size: small;\"><span style=\"font-family: Arial,serif;\">vom Maschinenfundament \u00fcber Hallenbauten bis zu Beh\u00e4lterauffangtassen<\/span><\/span><\/span><\/td>\n<\/tr>\n<tr valign=\"TOP\">\n<td width=\"29%\"><span style=\"font-size: small; color: #000000;\"><span style=\"font-family: Arial,serif;\"><b>\u00d6ffentliche Bauten<\/b><\/span><\/span><\/td>\n<td width=\"71%\"><span style=\"color: #000000;\"><span style=\"font-size: small;\"><span style=\"font-family: Arial,serif;\">Altenheime, Sporthallen, gl\u00e4serne Aufzugst\u00fcrme, etc.<\/span><\/span><\/span><\/td>\n<\/tr>\n<tr valign=\"TOP\">\n<td width=\"29%\"><span style=\"font-size: small; color: #000000;\"><span style=\"font-family: Arial,serif;\"><b>Sonderbauwerke<\/b><\/span><\/span><\/td>\n<td width=\"71%\"><span style=\"color: #000000;\"><span style=\"font-size: small;\"><span style=\"font-family: Arial,serif;\">Kirchturmhelme, Stra\u00dfenbr\u00fccken, Fluchttreppen, Gew\u00f6lbe, etc.<\/span><\/span><\/span><\/td>\n<\/tr>\n<\/tbody>\n<\/table>\n<p>&nbsp;<\/p>\n","protected":false},"excerpt":{"rendered":"<p>SPEKTRUM LEISTUNGEN Wir k\u00f6nnen Ihnen bei Ihren Projekten vielf\u00e4ltige Leistungsbilder der Tragwerksplanung anbieten: Komplette Tragwerksplanung in allen Leistungsphasen der HOAI Bauantragstatiken Umbauplanung Detailplanung Fertigteilplanung Statische Analyse von Bestandsobjekten Voruntersuchungen Machbarkeitsstudien Stellungnahmen DISZIPLINEN Unser Leistungsspektrum umfasst eine breite Palette der Tragwerksplanung. Insbesondere sind dies die folgenden Bereiche: Massivbau der das Kerngebiet unseres Teams darstellt Holzbau mit [&hellip;]<\/p>\n","protected":false},"author":1,"featured_media":0,"parent":0,"menu_order":30000,"comment_status":"closed","ping_status":"closed","template":"","meta":[],"_links":{"self":[{"href":"https:\/\/www.teamkl.de\/index.php?rest_route=\/wp\/v2\/pages\/29"}],"collection":[{"href":"https:\/\/www.teamkl.de\/index.php?rest_route=\/wp\/v2\/pages"}],"about":[{"href":"https:\/\/www.teamkl.de\/index.php?rest_route=\/wp\/v2\/types\/page"}],"author":[{"embeddable":true,"href":"https:\/\/www.teamkl.de\/index.php?rest_route=\/wp\/v2\/users\/1"}],"replies":[{"embeddable":true,"href":"https:\/\/www.teamkl.de\/index.php?rest_route=%2Fwp%2Fv2%2Fcomments&post=29"}],"version-history":[{"count":34,"href":"https:\/\/www.teamkl.de\/index.php?rest_route=\/wp\/v2\/pages\/29\/revisions"}],"predecessor-version":[{"id":1054,"href":"https:\/\/www.teamkl.de\/index.php?rest_route=\/wp\/v2\/pages\/29\/revisions\/1054"}],"wp:attachment":[{"href":"https:\/\/www.teamkl.de\/index.php?rest_route=%2Fwp%2Fv2%2Fmedia&parent=29"}],"curies":[{"name":"wp","href":"https:\/\/api.w.org\/{rel}","templated":true}]}}