{"id":1190,"date":"2018-05-24T17:03:20","date_gmt":"2018-05-24T15:03:20","guid":{"rendered":"http:\/\/www.teamkl.de\/?page_id=1190"},"modified":"2023-02-24T19:11:20","modified_gmt":"2023-02-24T17:11:20","slug":"datenschutz","status":"publish","type":"page","link":"https:\/\/www.teamkl.de\/?page_id=1190","title":{"rendered":"Datenschutz"},"content":{"rendered":"<p><style type=\"text\/css\">\n\t<!-- @page { margin: 2cm } P { margin-bottom: 0.21cm } A:link { so-language: zxx } --><br \/>\n\t<\/style><\/p>\n<p>\u00a0<\/p>\n<h4><b>Datenschutzerkl\u00e4rung nach der DSGVO f\u00fcr die Internetanwendung <a href=\"http:\/\/www.teamkl.de\/\">www.teamkl.de<\/a><\/b><\/h4>\n<p><b>Stand 05-2018<\/b><\/p>\n<p>\u00a0<\/p>\n<h4>Name und Anschrift des Verantwortlichen<\/h4>\n<p>Der Verantwortliche im Sinne der Datenschutz-Grundverordnung und anderer nationaler Datenschutzgesetze der Mitgliedsstaaten sowie sonstiger datenschutzrechtlicher Bestimmungen ist die:<\/p>\n<table border=\"1\" width=\"100%\" cellspacing=\"0\" cellpadding=\"4\"><colgroup> <col width=\"128*\" \/> <col width=\"128*\" \/> <\/colgroup>\n<tbody>\n<tr valign=\"TOP\">\n<td width=\"50%\">\n<p>Kinzer und Lindenberg GbR<\/p>\n<p>Luxemburger Str. 152<br \/>50937 K\u00f6ln<br \/>Fon 0221-92 30 31- 4<br \/>Fax 0221-92 30 31- 8<br \/>mail b.kinzer@teamKL.de<br \/>web www.teamKL.de<\/p>\n<\/td>\n<td width=\"50%\">\n<h5>Datenschutzverantwortlicher:<\/h5>\n<p>Bernd Kinzer Dipl. Ing. (TH)<br \/>Beratender Ingenieur<\/p>\n<p>Luxemburger Str. 152<br \/>50937 K\u00f6ln<br \/>Fon 0221-92 30 31- 4<br \/>Fax 0221-92 30 31- 8<br \/>mail b.kinzer@teamKL.de<br \/>web www.teamKL.de<\/p>\n<\/td>\n<\/tr>\n<\/tbody>\n<\/table>\n<p>\u00a0<\/p>\n<p><b>Allgemeines zur Datenverarbeitung<\/b><\/p>\n<p><u>Umfang der Verarbeitung personenbezogener Daten<\/u><\/p>\n<p>Wir verarbeiten personenbezogene Daten unserer Nutzer grunds\u00e4tzlich nur, soweit dies zur Bereitstellung einer funktionsf\u00e4higen Website sowie unserer Inhalte erforderlich ist. Eine Speicherung oder Auswertung bzw. Weiterleitung erfolgt nicht.<\/p>\n<p><u>Rechtsgrundlage f\u00fcr die Verarbeitung personenbezogener Daten<\/u><\/p>\n<p>Soweit wir f\u00fcr Verarbeitungsvorg\u00e4nge personenbezogener Daten eine Einwilligung der betroffenen Person einholen, dient Art.\u00a06 Abs.\u00a01 lit.\u00a0f EU-Datenschutzgrundverordnung (DSGVO) als Rechtsgrundlage.<\/p>\n<p><b>Bereitstellung der Website<\/b><\/p>\n<p><u>Beschreibung und Umfang der Datenverarbeitung<\/u><\/p>\n<p>Bei jedem Aufruf unserer Internetseite erfasst unser System automatisiert Daten und Informationen vom Computersystem des aufrufenden Rechners.<\/p>\n<p>Folgende Daten werden hierbei erhoben:<\/p>\n<p><u>Rechtsgrundlage f\u00fcr die Datenverarbeitung <\/u><\/p>\n<p>Rechtsgrundlage f\u00fcr die vor\u00fcbergehende Speicherung der Daten ist Art.\u00a06 Abs.\u00a01 lit.\u00a0f DSGVO.<\/p>\n<p><u>Zweck der Datenverarbeitung<\/u><\/p>\n<p>Die vor\u00fcbergehende Speicherung der IP-Adresse durch das System ist notwendig, um eine Auslieferung der Website an den Rechner des Nutzers zu erm\u00f6glichen. Hierf\u00fcr muss die IP-Adresse des Nutzers f\u00fcr die Dauer der Sitzung gespeichert bleiben.<\/p>\n<p>In diesen Zwecken liegt auch unser berechtigtes Interesse an der Datenverarbeitung nach Art.\u00a06 Abs.\u00a01 lit.\u00a0f DSGVO.<\/p>\n<p><u>Dauer der Speicherung<\/u><\/p>\n<p>Die Daten werden gel\u00f6scht, sobald sie f\u00fcr die Erreichung des Zweckes ihrer Erhebung nicht mehr erforderlich sind. Im Falle der Erfassung der Daten zur Bereitstellung der Website ist dies der Fall, wenn die jeweilige Sitzung beendet ist.<\/p>\n<p><b>Widerspruchs- und Beseitigungsm\u00f6glichkeit<\/b><\/p>\n<p>Die Erfassung der Daten zur Bereitstellung der Website und die Speicherung der Daten in Logfiles ist f\u00fcr den Betrieb der Internetseite zwingend erforderlich. Es besteht folglich seitens des Nutzers keine Widerspruchsm\u00f6glichkeit.<\/p>\n<p>\u00a0<\/p>\n<p>\u00a0<\/p>\n<p>\u00a0<\/p>\n<p>\u00a0<\/p>\n<p>\u00a0<\/p>\n<p>\u00a0<\/p>\n<p>\u00a0<\/p>\n<p>\u00a0<\/p>\n\n\n<p><\/p>\n\n\n\n<p><\/p>\n\n\n\n<p><\/p>\n\n\n\n<p><\/p>\n","protected":false},"excerpt":{"rendered":"<p>\u00a0 Datenschutzerkl\u00e4rung nach der DSGVO f\u00fcr die Internetanwendung www.teamkl.de Stand 05-2018 \u00a0 Name und Anschrift des Verantwortlichen Der Verantwortliche im Sinne der Datenschutz-Grundverordnung und anderer nationaler Datenschutzgesetze der Mitgliedsstaaten sowie sonstiger datenschutzrechtlicher Bestimmungen ist die: Kinzer und Lindenberg GbR Luxemburger Str. 15250937 K\u00f6lnFon 0221-92 30 31- 4Fax 0221-92 30 31- 8mail b.kinzer@teamKL.deweb www.teamKL.de Datenschutzverantwortlicher: Bernd [&hellip;]<\/p>\n","protected":false},"author":1,"featured_media":0,"parent":0,"menu_order":995000,"comment_status":"closed","ping_status":"closed","template":"","meta":[],"_links":{"self":[{"href":"https:\/\/www.teamkl.de\/index.php?rest_route=\/wp\/v2\/pages\/1190"}],"collection":[{"href":"https:\/\/www.teamkl.de\/index.php?rest_route=\/wp\/v2\/pages"}],"about":[{"href":"https:\/\/www.teamkl.de\/index.php?rest_route=\/wp\/v2\/types\/page"}],"author":[{"embeddable":true,"href":"https:\/\/www.teamkl.de\/index.php?rest_route=\/wp\/v2\/users\/1"}],"replies":[{"embeddable":true,"href":"https:\/\/www.teamkl.de\/index.php?rest_route=%2Fwp%2Fv2%2Fcomments&post=1190"}],"version-history":[{"count":4,"href":"https:\/\/www.teamkl.de\/index.php?rest_route=\/wp\/v2\/pages\/1190\/revisions"}],"predecessor-version":[{"id":1222,"href":"https:\/\/www.teamkl.de\/index.php?rest_route=\/wp\/v2\/pages\/1190\/revisions\/1222"}],"wp:attachment":[{"href":"https:\/\/www.teamkl.de\/index.php?rest_route=%2Fwp%2Fv2%2Fmedia&parent=1190"}],"curies":[{"name":"wp","href":"https:\/\/api.w.org\/{rel}","templated":true}]}}